{"id":70042,"date":"2020-09-07T14:14:48","date_gmt":"2020-09-07T14:14:48","guid":{"rendered":"https:\/\/artemdfbh.com.br\/site\/request-quote\/"},"modified":"2020-09-08T14:47:26","modified_gmt":"2020-09-08T14:47:26","slug":"orcamento","status":"publish","type":"page","link":"https:\/\/artemdfbh.com.br\/site\/orcamento\/","title":{"rendered":"Or\u00e7amento"},"content":{"rendered":"\n<div class=\"woocommerce ywraq-wrapper\">\n\n\t\t\t<div id=\"yith-ywraq-message\"><div class=\"ywraq-question-message\">\n\t<\/div>\n<\/div>\n\t\t\n\t\t\t\t<div class=\"ywraq-form-table-wrapper \">\n\t\t\t<p class=\"ywraq_list_empty_message\">Sua lista est\u00e1 vazia, adicione produtos \u00e0 lista para enviar uma solicita\u00e7\u00e3o<p><p class=\"return-to-shop\"><a class=\"button wc-backward\" href=\"https:\/\/artemdfbh.com.br\/site\/loja\/\">Retornar para a Loja<\/a><\/p>\n\t\t\t\t\t<\/div>\n\t<\/div>\n\n","protected":false},"excerpt":{"rendered":"Sua lista est\u00e1 vazia, adicione produtos \u00e0 lista para enviar uma solicita\u00e7\u00e3oRetornar para a Loja","protected":false},"author":1,"featured_media":0,"parent":0,"menu_order":0,"comment_status":"closed","ping_status":"closed","template":"","meta":[],"_links":{"self":[{"href":"https:\/\/artemdfbh.com.br\/site\/wp-json\/wp\/v2\/pages\/70042"}],"collection":[{"href":"https:\/\/artemdfbh.com.br\/site\/wp-json\/wp\/v2\/pages"}],"about":[{"href":"https:\/\/artemdfbh.com.br\/site\/wp-json\/wp\/v2\/types\/page"}],"author":[{"embeddable":true,"href":"https:\/\/artemdfbh.com.br\/site\/wp-json\/wp\/v2\/users\/1"}],"replies":[{"embeddable":true,"href":"https:\/\/artemdfbh.com.br\/site\/wp-json\/wp\/v2\/comments?post=70042"}],"version-history":[{"count":1,"href":"https:\/\/artemdfbh.com.br\/site\/wp-json\/wp\/v2\/pages\/70042\/revisions"}],"predecessor-version":[{"id":70081,"href":"https:\/\/artemdfbh.com.br\/site\/wp-json\/wp\/v2\/pages\/70042\/revisions\/70081"}],"wp:attachment":[{"href":"https:\/\/artemdfbh.com.br\/site\/wp-json\/wp\/v2\/media?parent=70042"}],"curies":[{"name":"wp","href":"https:\/\/api.w.org\/{rel}","templated":true}]}}