{"id":10011,"date":"2020-09-18T21:15:15","date_gmt":"2020-09-18T21:15:15","guid":{"rendered":"https:\/\/artemdfbh.com.br\/site\/produto\/bandeja-coracao-perola-g\/"},"modified":"2020-10-22T18:47:30","modified_gmt":"2020-10-22T18:47:30","slug":"bandeja-coracao-perola-g","status":"publish","type":"product","link":"https:\/\/artemdfbh.com.br\/site\/loja\/bandeja-coracao-perola-g\/","title":{"rendered":"BANDEJA CORA\u00c7\u00c3O P\u00c9ROLA G"},"content":{"rendered":"<p>TAMANHO 30C X 24L X 5A<\/p>\n","protected":false},"excerpt":{"rendered":"<p>TAMANHO 30C X 24L X 5A<\/p>\n","protected":false},"featured_media":90572,"comment_status":"open","ping_status":"closed","template":"","meta":[],"_links":{"self":[{"href":"https:\/\/artemdfbh.com.br\/site\/wp-json\/wp\/v2\/product\/10011"}],"collection":[{"href":"https:\/\/artemdfbh.com.br\/site\/wp-json\/wp\/v2\/product"}],"about":[{"href":"https:\/\/artemdfbh.com.br\/site\/wp-json\/wp\/v2\/types\/product"}],"replies":[{"embeddable":true,"href":"https:\/\/artemdfbh.com.br\/site\/wp-json\/wp\/v2\/comments?post=10011"}],"wp:featuredmedia":[{"embeddable":true,"href":"https:\/\/artemdfbh.com.br\/site\/wp-json\/wp\/v2\/media\/90572"}],"wp:attachment":[{"href":"https:\/\/artemdfbh.com.br\/site\/wp-json\/wp\/v2\/media?parent=10011"}],"curies":[{"name":"wp","href":"https:\/\/api.w.org\/{rel}","templated":true}]}}