{"id":70115,"date":"2020-09-08T17:27:48","date_gmt":"2020-09-08T17:27:48","guid":{"rendered":"https:\/\/artemdfbh.com.br\/site\/produto\/kit-bebe-7-pecas-pf\/"},"modified":"2021-02-03T19:04:35","modified_gmt":"2021-02-03T19:04:35","slug":"kit-bebe-7-pecas-pf","status":"publish","type":"product","link":"https:\/\/artemdfbh.com.br\/site\/loja\/kit-bebe-7-pecas-pf\/","title":{"rendered":"KIT BEB\u00ca 7 PE\u00c7AS PF"},"content":{"rendered":"<p>7 PE\u00c7AS. 1 ABAJUR, 1 LIXEIRA, 1 PORTA FRALDAS, 3 POTES, 1 BANDEJA <\/p>\n","protected":false},"excerpt":{"rendered":"<p>7 PE\u00c7AS. 1 ABAJUR, 1 LIXEIRA, 1 PORTA FRALDAS, 3 POTES, 1 BANDEJA<\/p>\n","protected":false},"featured_media":70122,"comment_status":"open","ping_status":"closed","template":"","meta":[],"_links":{"self":[{"href":"https:\/\/artemdfbh.com.br\/site\/wp-json\/wp\/v2\/product\/70115"}],"collection":[{"href":"https:\/\/artemdfbh.com.br\/site\/wp-json\/wp\/v2\/product"}],"about":[{"href":"https:\/\/artemdfbh.com.br\/site\/wp-json\/wp\/v2\/types\/product"}],"replies":[{"embeddable":true,"href":"https:\/\/artemdfbh.com.br\/site\/wp-json\/wp\/v2\/comments?post=70115"}],"wp:featuredmedia":[{"embeddable":true,"href":"https:\/\/artemdfbh.com.br\/site\/wp-json\/wp\/v2\/media\/70122"}],"wp:attachment":[{"href":"https:\/\/artemdfbh.com.br\/site\/wp-json\/wp\/v2\/media?parent=70115"}],"curies":[{"name":"wp","href":"https:\/\/api.w.org\/{rel}","templated":true}]}}